{"id":1655,"date":"2019-05-09T15:47:45","date_gmt":"2019-05-09T15:47:45","guid":{"rendered":"https:\/\/conval.wpengine.com\/acerca-de-2\/ofertas-laborales\/"},"modified":"2020-09-03T18:56:44","modified_gmt":"2020-09-03T18:56:44","slug":"careers","status":"publish","type":"page","link":"https:\/\/www.conval.com\/es\/about\/careers\/","title":{"rendered":"OFERTAS LABORALES"},"content":{"rendered":"\n<p>Conval siempre recibe el curriculum vitae de candidatos cualificados. Si usted o alguien que usted conoce est\u00e1 interesado en acceder a una oportunidad de empleo en Conval, comun\u00edquese por correo electr\u00f3nico con&nbsp;<a href=\"mailto:abedard@conval.com\">Andrea Bedard<\/a>, o env\u00ede su CV por fax al (860) 394-2743. Para visualizar la lista actualizada de ofertas en Conval, presione el bot\u00f3n a continuaci\u00f3n.<\/p>\n\n\n\n<a href=\"\/es\/about\/careers\/career-listings-new\/\"><img decoding=\"async\" alt=\"\" src=\"https:\/\/www.conval.com\/wp-content\/uploads\/careers-button-ql-1.jpg\"><\/a>\n\n\n\n<p><\/p>\n\n\n\n<h3 class=\"wp-block-heading\">Pol\u00edtica<\/h3>\n\n\n\n<p>Conval, Inc. es un empleador de acci\u00f3n afirmativa que ofrece igualdad de oportunidades en el empleo, que no discrimina en funci\u00f3n del g\u00e9nero, religi\u00f3n, raza, origen \u00e9tnico o nacionalidad, cultura, grupo social, discapacidad o enfermedad, orientaci\u00f3n sexual, edad o condici\u00f3n de veterano, u otras caracter\u00edsticas protegidas por las leyes, regulaciones y normas federales, estatales o locales. La pol\u00edtica de Conval se aplica a todos los t\u00e9rminos y condiciones de empleo. Para lograr nuestro objetivo de igualdad de oportunidades, Conval mantiene un plan de acci\u00f3n afirmativo mediante el cual emplea sus esfuerzos y su buena fe para reclutar, contratar y progresar en t\u00e9rminos del acceso al empleo de las minor\u00edas cualificadas, las mujeres, los discapacitados y los veteranos. \n<\/p>\n","protected":false},"excerpt":{"rendered":"<p>Conval siempre recibe el curriculum vitae de candidatos cualificados. Si usted o alguien que usted conoce est\u00e1 interesado en acceder a una oportunidad de empleo en Conval, comun\u00edquese por correo electr\u00f3nico con&nbsp;Andrea Bedard, o env\u00ede su CV por fax al (860) 394-2743. Para visualizar la lista actualizada de ofertas en Conval, presione el bot\u00f3n a [&hellip;]<\/p>\n","protected":false},"author":18,"featured_media":0,"parent":1652,"menu_order":0,"comment_status":"closed","ping_status":"closed","template":"","meta":{"_acf_changed":false,"inline_featured_image":false,"footnotes":""},"class_list":["post-1655","page","type-page","status-publish","hentry"],"acf":[],"yoast_head":"<!-- This site is optimized with the Yoast SEO plugin v27.4 - https:\/\/yoast.com\/product\/yoast-seo-wordpress\/ -->\n<title>OFERTAS LABORALES - Conval, Inc.<\/title>\n<meta name=\"description\" content=\"Interested in joining our team? This page provides our hiring policy and includes information on who to contact about applying to any of our listings.\" \/>\n<meta name=\"robots\" content=\"index, follow, max-snippet:-1, max-image-preview:large, max-video-preview:-1\" \/>\n<link rel=\"canonical\" href=\"https:\/\/www.conval.com\/es\/about\/careers\/\" \/>\n<meta property=\"og:locale\" content=\"es_ES\" \/>\n<meta property=\"og:type\" content=\"article\" \/>\n<meta property=\"og:title\" content=\"OFERTAS LABORALES - Conval, Inc.\" \/>\n<meta property=\"og:description\" content=\"Interested in joining our team? This page provides our hiring policy and includes information on who to contact about applying to any of our listings.\" \/>\n<meta property=\"og:url\" content=\"https:\/\/www.conval.com\/es\/about\/careers\/\" \/>\n<meta property=\"og:site_name\" content=\"Conval, Inc.\" \/>\n<meta property=\"article:modified_time\" content=\"2020-09-03T18:56:44+00:00\" \/>\n<meta property=\"og:image\" content=\"https:\/\/www.conval.com\/wp-content\/uploads\/careers-button-ql-1.jpg\" \/>\n<meta name=\"twitter:label1\" content=\"Est. reading time\" \/>\n\t<meta name=\"twitter:data1\" content=\"1 minuto\" \/>\n<script type=\"application\/ld+json\" class=\"yoast-schema-graph\">{\"@context\":\"https:\\\/\\\/schema.org\",\"@graph\":[{\"@type\":\"WebPage\",\"@id\":\"https:\\\/\\\/www.conval.com\\\/es\\\/about\\\/careers\\\/\",\"url\":\"https:\\\/\\\/www.conval.com\\\/es\\\/about\\\/careers\\\/\",\"name\":\"OFERTAS LABORALES - Conval, Inc.\",\"isPartOf\":{\"@id\":\"https:\\\/\\\/www.conval.com\\\/es\\\/#website\"},\"primaryImageOfPage\":{\"@id\":\"https:\\\/\\\/www.conval.com\\\/es\\\/about\\\/careers\\\/#primaryimage\"},\"image\":{\"@id\":\"https:\\\/\\\/www.conval.com\\\/es\\\/about\\\/careers\\\/#primaryimage\"},\"thumbnailUrl\":\"https:\\\/\\\/www.conval.com\\\/wp-content\\\/uploads\\\/careers-button-ql-1.jpg\",\"datePublished\":\"2019-05-09T15:47:45+00:00\",\"dateModified\":\"2020-09-03T18:56:44+00:00\",\"description\":\"Interested in joining our team? This page provides our hiring policy and includes information on who to contact about applying to any of our listings.\",\"breadcrumb\":{\"@id\":\"https:\\\/\\\/www.conval.com\\\/es\\\/about\\\/careers\\\/#breadcrumb\"},\"inLanguage\":\"es\",\"potentialAction\":[{\"@type\":\"ReadAction\",\"target\":[\"https:\\\/\\\/www.conval.com\\\/es\\\/about\\\/careers\\\/\"]}]},{\"@type\":\"ImageObject\",\"inLanguage\":\"es\",\"@id\":\"https:\\\/\\\/www.conval.com\\\/es\\\/about\\\/careers\\\/#primaryimage\",\"url\":\"https:\\\/\\\/www.conval.com\\\/wp-content\\\/uploads\\\/careers-button-ql-1.jpg\",\"contentUrl\":\"https:\\\/\\\/www.conval.com\\\/wp-content\\\/uploads\\\/careers-button-ql-1.jpg\"},{\"@type\":\"BreadcrumbList\",\"@id\":\"https:\\\/\\\/www.conval.com\\\/es\\\/about\\\/careers\\\/#breadcrumb\",\"itemListElement\":[{\"@type\":\"ListItem\",\"position\":1,\"name\":\"Home\",\"item\":\"https:\\\/\\\/www.conval.com\\\/es\\\/\"},{\"@type\":\"ListItem\",\"position\":2,\"name\":\"Acerca De\",\"item\":\"https:\\\/\\\/www.conval.com\\\/es\\\/about\\\/\"},{\"@type\":\"ListItem\",\"position\":3,\"name\":\"OFERTAS LABORALES\"}]},{\"@type\":\"WebSite\",\"@id\":\"https:\\\/\\\/www.conval.com\\\/es\\\/#website\",\"url\":\"https:\\\/\\\/www.conval.com\\\/es\\\/\",\"name\":\"Conval, Inc.\",\"description\":\"\",\"potentialAction\":[{\"@type\":\"SearchAction\",\"target\":{\"@type\":\"EntryPoint\",\"urlTemplate\":\"https:\\\/\\\/www.conval.com\\\/es\\\/?s={search_term_string}\"},\"query-input\":{\"@type\":\"PropertyValueSpecification\",\"valueRequired\":true,\"valueName\":\"search_term_string\"}}],\"inLanguage\":\"es\"}]}<\/script>\n<!-- \/ Yoast SEO plugin. -->","yoast_head_json":{"title":"OFERTAS LABORALES - Conval, Inc.","description":"Interested in joining our team? This page provides our hiring policy and includes information on who to contact about applying to any of our listings.","robots":{"index":"index","follow":"follow","max-snippet":"max-snippet:-1","max-image-preview":"max-image-preview:large","max-video-preview":"max-video-preview:-1"},"canonical":"https:\/\/www.conval.com\/es\/about\/careers\/","og_locale":"es_ES","og_type":"article","og_title":"OFERTAS LABORALES - Conval, Inc.","og_description":"Interested in joining our team? This page provides our hiring policy and includes information on who to contact about applying to any of our listings.","og_url":"https:\/\/www.conval.com\/es\/about\/careers\/","og_site_name":"Conval, Inc.","article_modified_time":"2020-09-03T18:56:44+00:00","og_image":[{"url":"https:\/\/www.conval.com\/wp-content\/uploads\/careers-button-ql-1.jpg","type":"","width":"","height":""}],"twitter_misc":{"Est. reading time":"1 minuto"},"schema":{"@context":"https:\/\/schema.org","@graph":[{"@type":"WebPage","@id":"https:\/\/www.conval.com\/es\/about\/careers\/","url":"https:\/\/www.conval.com\/es\/about\/careers\/","name":"OFERTAS LABORALES - Conval, Inc.","isPartOf":{"@id":"https:\/\/www.conval.com\/es\/#website"},"primaryImageOfPage":{"@id":"https:\/\/www.conval.com\/es\/about\/careers\/#primaryimage"},"image":{"@id":"https:\/\/www.conval.com\/es\/about\/careers\/#primaryimage"},"thumbnailUrl":"https:\/\/www.conval.com\/wp-content\/uploads\/careers-button-ql-1.jpg","datePublished":"2019-05-09T15:47:45+00:00","dateModified":"2020-09-03T18:56:44+00:00","description":"Interested in joining our team? This page provides our hiring policy and includes information on who to contact about applying to any of our listings.","breadcrumb":{"@id":"https:\/\/www.conval.com\/es\/about\/careers\/#breadcrumb"},"inLanguage":"es","potentialAction":[{"@type":"ReadAction","target":["https:\/\/www.conval.com\/es\/about\/careers\/"]}]},{"@type":"ImageObject","inLanguage":"es","@id":"https:\/\/www.conval.com\/es\/about\/careers\/#primaryimage","url":"https:\/\/www.conval.com\/wp-content\/uploads\/careers-button-ql-1.jpg","contentUrl":"https:\/\/www.conval.com\/wp-content\/uploads\/careers-button-ql-1.jpg"},{"@type":"BreadcrumbList","@id":"https:\/\/www.conval.com\/es\/about\/careers\/#breadcrumb","itemListElement":[{"@type":"ListItem","position":1,"name":"Home","item":"https:\/\/www.conval.com\/es\/"},{"@type":"ListItem","position":2,"name":"Acerca De","item":"https:\/\/www.conval.com\/es\/about\/"},{"@type":"ListItem","position":3,"name":"OFERTAS LABORALES"}]},{"@type":"WebSite","@id":"https:\/\/www.conval.com\/es\/#website","url":"https:\/\/www.conval.com\/es\/","name":"Conval, Inc.","description":"","potentialAction":[{"@type":"SearchAction","target":{"@type":"EntryPoint","urlTemplate":"https:\/\/www.conval.com\/es\/?s={search_term_string}"},"query-input":{"@type":"PropertyValueSpecification","valueRequired":true,"valueName":"search_term_string"}}],"inLanguage":"es"}]}},"_links":{"self":[{"href":"https:\/\/www.conval.com\/es\/wp-json\/wp\/v2\/pages\/1655","targetHints":{"allow":["GET"]}}],"collection":[{"href":"https:\/\/www.conval.com\/es\/wp-json\/wp\/v2\/pages"}],"about":[{"href":"https:\/\/www.conval.com\/es\/wp-json\/wp\/v2\/types\/page"}],"author":[{"embeddable":true,"href":"https:\/\/www.conval.com\/es\/wp-json\/wp\/v2\/users\/18"}],"replies":[{"embeddable":true,"href":"https:\/\/www.conval.com\/es\/wp-json\/wp\/v2\/comments?post=1655"}],"version-history":[{"count":0,"href":"https:\/\/www.conval.com\/es\/wp-json\/wp\/v2\/pages\/1655\/revisions"}],"up":[{"embeddable":true,"href":"https:\/\/www.conval.com\/es\/wp-json\/wp\/v2\/pages\/1652"}],"wp:attachment":[{"href":"https:\/\/www.conval.com\/es\/wp-json\/wp\/v2\/media?parent=1655"}],"curies":[{"name":"wp","href":"https:\/\/api.w.org\/{rel}","templated":true}]}}