{"id":1658,"date":"2019-05-09T16:57:00","date_gmt":"2019-05-09T16:57:00","guid":{"rendered":"https:\/\/conval.wpengine.com\/?page_id=1658"},"modified":"2019-07-23T13:49:48","modified_gmt":"2019-07-23T13:49:48","slug":"history","status":"publish","type":"page","link":"https:\/\/www.conval.com\/es\/about\/history\/","title":{"rendered":"Historia"},"content":{"rendered":"\n<h3>Visi\u00f3n general<\/h3>\n<div class=\"wp-block-image\"><figure class=\"alignright\"><img decoding=\"async\" width=\"180\" height=\"240\" src=\"https:\/\/www.conval.com\/wp-content\/uploads\/chester-siver.jpg\" alt=\"Mr. Chester Siver\" title=\"Mr. Chester Siver\" class=\"wp-image-1494\"><\/figure><\/div>\n<p>En 1962, el Sr. Chester Siver realiz\u00f3 dise\u00f1os para una l\u00ednea revolucionaria de v\u00e1lvulas de acero forjado de alta presi\u00f3n. Se le solicit\u00f3 a Hamilton Standard (hoy Hamilton Sunstrand), una divisi\u00f3n de United Technologies Corporation, utilizar su por entonces nueva tecnolog\u00eda de soldadura por haces de electrones para soldar las partes de uni\u00f3n en las v\u00e1lvulas para los sub-ensamblajes. Hamilton Standard se interes\u00f3 mucho por la v\u00e1lvula, ya que pensaba que esta era la aplicaci\u00f3n ideal de la t\u00e9cnica de soldadura por haces de electrones y negoci\u00f3 un contrato por los derechos de fabricaci\u00f3n para vender la v\u00e1lvula. El Sr. Silver actu\u00f3 como gerente en el proyecto de la v\u00e1lvula.<\/p>\n\n\n\n<p>Las primeras v\u00e1lvulas CLAMPSEAL\u00ae fueron introducidas en el mercado por Hamilton Standard en 1964. No obstante, a mediados de la d\u00e9cada de 1960, la creciente demanda de los productos aeroespaciales de la firma popular forz\u00f3 a Hamilton Standard a tomar la decisi\u00f3n de abandonar sus proyectos de productos industriales. Los derechos para la v\u00e1lvula CLAMPSEAL volvieron al Sr. Siver. Como las v\u00e1lvulas CLAMPSEAL\u00ae nacieron en Connecticut, el Sr. Siver fund\u00f3 \u201cConval\u201d en 1967. Todav\u00eda hoy las v\u00e1lvulas se fabrican en Connecticut, un estado con una reputaci\u00f3n s\u00f3lida en materia de innovaci\u00f3n tecnol\u00f3gica y excelencia de fabricaci\u00f3n.<\/p>\n\n\n\n<p>Desde sus primeros a\u00f1os, la compa\u00f1\u00eda ha expandido en forma constante su l\u00ednea de productos, que hoy incluye: v\u00e1lvulas de globo con patr\u00f3n en T, angular y en Y y v\u00e1lvulas de compuerta en las clases de presi\u00f3n 900 &#8211; 4500 lb y en tama\u00f1os 1\/2 pulgadas &#8211; 4 pulgadas; Whisperjets; v\u00e1lvulas de escape de orificios m\u00faltiples, v\u00e1lvulas de cierre de fuelle y v\u00e1lvulas criog\u00e9nicas. Hoy, Conval es el principal fabricante de v\u00e1lvulas de acero forjado de alta presi\u00f3n y de calidad del mundo. Conval ha expandido sus ventas en el sudeste asi\u00e1tico y en algunos pa\u00edses emergentes.<\/p>\n\n\n\n<h3 class=\"wp-block-heading\">Hoy<\/h3>\n\n\n\n<p>Conval se ha transformado en una empresa l\u00edder en el suministro de v\u00e1lvulas para las aplicaciones m\u00e1s exigentes del mundo. Contamos con un equipo internacional de expertos para satisfacer sus necesidades m\u00e1s exigentes. Comun\u00edquese hoy mismo con nosotros. Tenemos v\u00e1lvulas esf\u00e9ricas, de estrangulamiento, de globo, de compuerta, de fuelle, de servicio de urea, de alta presi\u00f3n y alta temperatura.<\/p>\n\n\n\n<p>La v\u00e1lvula CLAMPSEAL\u00ae representa una opci\u00f3n irresistible. Ingeniosamente simple; la v\u00e1lvula b\u00e1sica est\u00e1 formada por solo nueve componentes. Las v\u00e1lvulas son livianas y, al mismo tiempo, incre\u00edblemente robustas y duraderas. Tal vez la ventaja m\u00e1s importante es que la v\u00e1lvula CLAMPSEAL\u00ae es mucho m\u00e1s f\u00e1cil de renovar respecto de cualquier otra v\u00e1lvula de globo disponible en el mercado. Los d\u00edas de \u201cusar y tirar\u201d un producto han sido reemplazados por el deseo de calidad, renovabilidad y longevidad. Los bajos costos de adquisici\u00f3n no son tan importantes como los bajos costos a lo largo de la vida \u00fatil. Conval ha sacado provecho de este cambio de perspectiva.<\/p>\n\n\n\n<p>Conval celebr\u00f3 su aniversario n\u00famero 40 en el a\u00f1o 2007 con el lanzamiento de la nueva v\u00e1lvula esf\u00e9rica Camseal\u00ae. Las t\u00e9cnicas de vanguardia se utilizan para aplicar recubrimientos duros, rectificando y lapeando el asiento y la esfera de Camseal\u00ae. La extremadamente alta densidad del recubrimiento y las t\u00e9cnicas precisas de lapeado dan como resultado un sellado entre el asiento y la esfera herm\u00e9tico a las burbujas, que permanece herm\u00e9tico durante la instalaci\u00f3n y despu\u00e9s de esta. La v\u00e1lvula esf\u00e9rica Camseal\u00ae ha sido sometida a an\u00e1lisis rigurosos asistidos por computadora, a pruebas de laboratorio y a pruebas de campo durante su desarrollo. Se ha utilizado un modelado por computadora en 3-D de vanguardia para optimizar los detalles de dise\u00f1o de la v\u00e1lvula. La v\u00e1lvula super\u00f3 de manera uniforme un programa muy riguroso de pruebas.<\/p>\n\n\n\n<p>El futuro es prometedor. Conval sigue desarrollando nuevos productos para satisfacer las demandas m\u00e1s exigentes de la industria. El inspirado liderazgo y la innovaci\u00f3n aportada por una nueva generaci\u00f3n de ingenieros asegura nuestro \u00e9xito permanente.<\/p>\n\n\n\n<p><strong><em>1967-2019<br>\u00a1Celebramos m\u00e1s de 45 a\u00f1os de excelencia!\u00a0<\/em><br><br>Gracias por hacer negocios con nosotros.\u00a0<\/strong><\/p>\n","protected":false},"excerpt":{"rendered":"<p>Visi\u00f3n general En 1962, el Sr. Chester Siver realiz\u00f3 dise\u00f1os para una l\u00ednea revolucionaria de v\u00e1lvulas de acero forjado de alta presi\u00f3n. Se le solicit\u00f3 a Hamilton Standard (hoy Hamilton Sunstrand), una divisi\u00f3n de United Technologies Corporation, utilizar su por entonces nueva tecnolog\u00eda de soldadura por haces de electrones para soldar las partes de uni\u00f3n [&hellip;]<\/p>\n","protected":false},"author":18,"featured_media":0,"parent":1652,"menu_order":0,"comment_status":"closed","ping_status":"closed","template":"","meta":{"_acf_changed":false,"inline_featured_image":false,"footnotes":""},"class_list":["post-1658","page","type-page","status-publish","hentry"],"acf":[],"yoast_head":"<!-- This site is optimized with the Yoast SEO plugin v27.4 - https:\/\/yoast.com\/product\/yoast-seo-wordpress\/ -->\n<title>Historia - Conval, Inc.<\/title>\n<meta name=\"description\" content=\"Since 1967, Conval has had over 50 year of success providing high-quality, reliable valves to high-pressure applications. Get the full history here.\" \/>\n<meta name=\"robots\" content=\"index, follow, max-snippet:-1, max-image-preview:large, max-video-preview:-1\" \/>\n<link rel=\"canonical\" href=\"https:\/\/www.conval.com\/es\/about\/history\/\" \/>\n<meta property=\"og:locale\" content=\"es_ES\" \/>\n<meta property=\"og:type\" content=\"article\" \/>\n<meta property=\"og:title\" content=\"Historia - Conval, Inc.\" \/>\n<meta property=\"og:description\" content=\"Since 1967, Conval has had over 50 year of success providing high-quality, reliable valves to high-pressure applications. Get the full history here.\" \/>\n<meta property=\"og:url\" content=\"https:\/\/www.conval.com\/es\/about\/history\/\" \/>\n<meta property=\"og:site_name\" content=\"Conval, Inc.\" \/>\n<meta property=\"article:modified_time\" content=\"2019-07-23T13:49:48+00:00\" \/>\n<meta property=\"og:image\" content=\"https:\/\/www.conval.com\/wp-content\/uploads\/chester-siver.jpg\" \/>\n<meta name=\"twitter:label1\" content=\"Est. reading time\" \/>\n\t<meta name=\"twitter:data1\" content=\"4 minutos\" \/>\n<script type=\"application\/ld+json\" class=\"yoast-schema-graph\">{\"@context\":\"https:\\\/\\\/schema.org\",\"@graph\":[{\"@type\":\"WebPage\",\"@id\":\"https:\\\/\\\/www.conval.com\\\/es\\\/about\\\/history\\\/\",\"url\":\"https:\\\/\\\/www.conval.com\\\/es\\\/about\\\/history\\\/\",\"name\":\"Historia - Conval, Inc.\",\"isPartOf\":{\"@id\":\"https:\\\/\\\/www.conval.com\\\/es\\\/#website\"},\"primaryImageOfPage\":{\"@id\":\"https:\\\/\\\/www.conval.com\\\/es\\\/about\\\/history\\\/#primaryimage\"},\"image\":{\"@id\":\"https:\\\/\\\/www.conval.com\\\/es\\\/about\\\/history\\\/#primaryimage\"},\"thumbnailUrl\":\"https:\\\/\\\/www.conval.com\\\/wp-content\\\/uploads\\\/chester-siver.jpg\",\"datePublished\":\"2019-05-09T16:57:00+00:00\",\"dateModified\":\"2019-07-23T13:49:48+00:00\",\"description\":\"Since 1967, Conval has had over 50 year of success providing high-quality, reliable valves to high-pressure applications. Get the full history here.\",\"breadcrumb\":{\"@id\":\"https:\\\/\\\/www.conval.com\\\/es\\\/about\\\/history\\\/#breadcrumb\"},\"inLanguage\":\"es\",\"potentialAction\":[{\"@type\":\"ReadAction\",\"target\":[\"https:\\\/\\\/www.conval.com\\\/es\\\/about\\\/history\\\/\"]}]},{\"@type\":\"ImageObject\",\"inLanguage\":\"es\",\"@id\":\"https:\\\/\\\/www.conval.com\\\/es\\\/about\\\/history\\\/#primaryimage\",\"url\":\"https:\\\/\\\/www.conval.com\\\/wp-content\\\/uploads\\\/chester-siver.jpg\",\"contentUrl\":\"https:\\\/\\\/www.conval.com\\\/wp-content\\\/uploads\\\/chester-siver.jpg\"},{\"@type\":\"BreadcrumbList\",\"@id\":\"https:\\\/\\\/www.conval.com\\\/es\\\/about\\\/history\\\/#breadcrumb\",\"itemListElement\":[{\"@type\":\"ListItem\",\"position\":1,\"name\":\"Home\",\"item\":\"https:\\\/\\\/www.conval.com\\\/es\\\/\"},{\"@type\":\"ListItem\",\"position\":2,\"name\":\"Acerca De\",\"item\":\"https:\\\/\\\/www.conval.com\\\/es\\\/about\\\/\"},{\"@type\":\"ListItem\",\"position\":3,\"name\":\"Historia\"}]},{\"@type\":\"WebSite\",\"@id\":\"https:\\\/\\\/www.conval.com\\\/es\\\/#website\",\"url\":\"https:\\\/\\\/www.conval.com\\\/es\\\/\",\"name\":\"Conval, Inc.\",\"description\":\"\",\"potentialAction\":[{\"@type\":\"SearchAction\",\"target\":{\"@type\":\"EntryPoint\",\"urlTemplate\":\"https:\\\/\\\/www.conval.com\\\/es\\\/?s={search_term_string}\"},\"query-input\":{\"@type\":\"PropertyValueSpecification\",\"valueRequired\":true,\"valueName\":\"search_term_string\"}}],\"inLanguage\":\"es\"}]}<\/script>\n<!-- \/ Yoast SEO plugin. -->","yoast_head_json":{"title":"Historia - Conval, Inc.","description":"Since 1967, Conval has had over 50 year of success providing high-quality, reliable valves to high-pressure applications. Get the full history here.","robots":{"index":"index","follow":"follow","max-snippet":"max-snippet:-1","max-image-preview":"max-image-preview:large","max-video-preview":"max-video-preview:-1"},"canonical":"https:\/\/www.conval.com\/es\/about\/history\/","og_locale":"es_ES","og_type":"article","og_title":"Historia - Conval, Inc.","og_description":"Since 1967, Conval has had over 50 year of success providing high-quality, reliable valves to high-pressure applications. Get the full history here.","og_url":"https:\/\/www.conval.com\/es\/about\/history\/","og_site_name":"Conval, Inc.","article_modified_time":"2019-07-23T13:49:48+00:00","og_image":[{"url":"https:\/\/www.conval.com\/wp-content\/uploads\/chester-siver.jpg","type":"","width":"","height":""}],"twitter_misc":{"Est. reading time":"4 minutos"},"schema":{"@context":"https:\/\/schema.org","@graph":[{"@type":"WebPage","@id":"https:\/\/www.conval.com\/es\/about\/history\/","url":"https:\/\/www.conval.com\/es\/about\/history\/","name":"Historia - Conval, Inc.","isPartOf":{"@id":"https:\/\/www.conval.com\/es\/#website"},"primaryImageOfPage":{"@id":"https:\/\/www.conval.com\/es\/about\/history\/#primaryimage"},"image":{"@id":"https:\/\/www.conval.com\/es\/about\/history\/#primaryimage"},"thumbnailUrl":"https:\/\/www.conval.com\/wp-content\/uploads\/chester-siver.jpg","datePublished":"2019-05-09T16:57:00+00:00","dateModified":"2019-07-23T13:49:48+00:00","description":"Since 1967, Conval has had over 50 year of success providing high-quality, reliable valves to high-pressure applications. Get the full history here.","breadcrumb":{"@id":"https:\/\/www.conval.com\/es\/about\/history\/#breadcrumb"},"inLanguage":"es","potentialAction":[{"@type":"ReadAction","target":["https:\/\/www.conval.com\/es\/about\/history\/"]}]},{"@type":"ImageObject","inLanguage":"es","@id":"https:\/\/www.conval.com\/es\/about\/history\/#primaryimage","url":"https:\/\/www.conval.com\/wp-content\/uploads\/chester-siver.jpg","contentUrl":"https:\/\/www.conval.com\/wp-content\/uploads\/chester-siver.jpg"},{"@type":"BreadcrumbList","@id":"https:\/\/www.conval.com\/es\/about\/history\/#breadcrumb","itemListElement":[{"@type":"ListItem","position":1,"name":"Home","item":"https:\/\/www.conval.com\/es\/"},{"@type":"ListItem","position":2,"name":"Acerca De","item":"https:\/\/www.conval.com\/es\/about\/"},{"@type":"ListItem","position":3,"name":"Historia"}]},{"@type":"WebSite","@id":"https:\/\/www.conval.com\/es\/#website","url":"https:\/\/www.conval.com\/es\/","name":"Conval, Inc.","description":"","potentialAction":[{"@type":"SearchAction","target":{"@type":"EntryPoint","urlTemplate":"https:\/\/www.conval.com\/es\/?s={search_term_string}"},"query-input":{"@type":"PropertyValueSpecification","valueRequired":true,"valueName":"search_term_string"}}],"inLanguage":"es"}]}},"_links":{"self":[{"href":"https:\/\/www.conval.com\/es\/wp-json\/wp\/v2\/pages\/1658","targetHints":{"allow":["GET"]}}],"collection":[{"href":"https:\/\/www.conval.com\/es\/wp-json\/wp\/v2\/pages"}],"about":[{"href":"https:\/\/www.conval.com\/es\/wp-json\/wp\/v2\/types\/page"}],"author":[{"embeddable":true,"href":"https:\/\/www.conval.com\/es\/wp-json\/wp\/v2\/users\/18"}],"replies":[{"embeddable":true,"href":"https:\/\/www.conval.com\/es\/wp-json\/wp\/v2\/comments?post=1658"}],"version-history":[{"count":0,"href":"https:\/\/www.conval.com\/es\/wp-json\/wp\/v2\/pages\/1658\/revisions"}],"up":[{"embeddable":true,"href":"https:\/\/www.conval.com\/es\/wp-json\/wp\/v2\/pages\/1652"}],"wp:attachment":[{"href":"https:\/\/www.conval.com\/es\/wp-json\/wp\/v2\/media?parent=1658"}],"curies":[{"name":"wp","href":"https:\/\/api.w.org\/{rel}","templated":true}]}}