{"id":1675,"date":"2019-05-10T06:54:01","date_gmt":"2019-05-10T06:54:01","guid":{"rendered":"https:\/\/conval.wpengine.com\/acerca-de-2\/ofertas-laborales\/listado-de-ofertas-laborales\/"},"modified":"2019-07-31T14:18:51","modified_gmt":"2019-07-31T14:18:51","slug":"listado-de-ofertas-laborales","status":"publish","type":"page","link":"https:\/\/www.conval.com\/es\/about\/careers\/listado-de-ofertas-laborales\/","title":{"rendered":"LISTADO DE OFERTAS LABORALES"},"content":{"rendered":"\n<p><\/p>\n\n\n\n<p>Oportunidades de empleo vigentes con Conval, Inc. <\/p>\n\n\n\n<p>Conval, Inc. es un empleador de acci\u00f3n afirmativa que ofrece igualdad de oportunidades en el empleo, que no discrimina en funci\u00f3n de g\u00e9nero, religi\u00f3n, raza, origen \u00e9tnico o nacionalidad, cultura, grupo social, discapacidad o enfermedad, orientaci\u00f3n sexual, edad o condici\u00f3n de veterano, u otras caracter\u00edsticas protegidas por las leyes, regulaciones y normas federales, estatales o locales. La pol\u00edtica de Conval se aplica a todos los t\u00e9rminos y condiciones de empleo. Para lograr nuestro objetivo de igualdad de oportunidades, Conval mantiene un plan de acci\u00f3n afirmativo mediante el cual emplea sus esfuerzos y su buena fe para reclutar, contratar y progresar en t\u00e9rminos del acceso al empleo de las minor\u00edas cualificadas, las mujeres, los discapacitados y los veteranos.<\/p>\n","protected":false},"excerpt":{"rendered":"<p>Oportunidades de empleo vigentes con Conval, Inc. Conval, Inc. es un empleador de acci\u00f3n afirmativa que ofrece igualdad de oportunidades en el empleo, que no discrimina en funci\u00f3n de g\u00e9nero, religi\u00f3n, raza, origen \u00e9tnico o nacionalidad, cultura, grupo social, discapacidad o enfermedad, orientaci\u00f3n sexual, edad o condici\u00f3n de veterano, u otras caracter\u00edsticas protegidas por las [&hellip;]<\/p>\n","protected":false},"author":18,"featured_media":0,"parent":1655,"menu_order":0,"comment_status":"closed","ping_status":"closed","template":"archive-careers.php","meta":{"_acf_changed":false,"inline_featured_image":false,"footnotes":""},"class_list":["post-1675","page","type-page","status-publish","hentry"],"acf":[],"yoast_head":"<!-- This site is optimized with the Yoast SEO plugin v27.4 - https:\/\/yoast.com\/product\/yoast-seo-wordpress\/ -->\n<title>LISTADO DE OFERTAS LABORALES - Conval, Inc.<\/title>\n<meta name=\"description\" content=\"Interested in joining our team? Check out this page for information on any listings available and who to contact about them.\" \/>\n<meta name=\"robots\" content=\"index, follow, max-snippet:-1, max-image-preview:large, max-video-preview:-1\" \/>\n<link rel=\"canonical\" href=\"https:\/\/www.conval.com\/es\/about\/careers\/listado-de-ofertas-laborales\/\" \/>\n<meta property=\"og:locale\" content=\"es_ES\" \/>\n<meta property=\"og:type\" content=\"article\" \/>\n<meta property=\"og:title\" content=\"LISTADO DE OFERTAS LABORALES - Conval, Inc.\" \/>\n<meta property=\"og:description\" content=\"Interested in joining our team? Check out this page for information on any listings available and who to contact about them.\" \/>\n<meta property=\"og:url\" content=\"https:\/\/www.conval.com\/es\/about\/careers\/listado-de-ofertas-laborales\/\" \/>\n<meta property=\"og:site_name\" content=\"Conval, Inc.\" \/>\n<meta property=\"article:modified_time\" content=\"2019-07-31T14:18:51+00:00\" \/>\n<meta name=\"twitter:label1\" content=\"Est. reading time\" \/>\n\t<meta name=\"twitter:data1\" content=\"1 minuto\" \/>\n<script type=\"application\/ld+json\" class=\"yoast-schema-graph\">{\"@context\":\"https:\\\/\\\/schema.org\",\"@graph\":[{\"@type\":\"WebPage\",\"@id\":\"https:\\\/\\\/www.conval.com\\\/es\\\/about\\\/careers\\\/listado-de-ofertas-laborales\\\/\",\"url\":\"https:\\\/\\\/www.conval.com\\\/es\\\/about\\\/careers\\\/listado-de-ofertas-laborales\\\/\",\"name\":\"LISTADO DE OFERTAS LABORALES - Conval, Inc.\",\"isPartOf\":{\"@id\":\"https:\\\/\\\/www.conval.com\\\/es\\\/#website\"},\"datePublished\":\"2019-05-10T06:54:01+00:00\",\"dateModified\":\"2019-07-31T14:18:51+00:00\",\"description\":\"Interested in joining our team? Check out this page for information on any listings available and who to contact about them.\",\"breadcrumb\":{\"@id\":\"https:\\\/\\\/www.conval.com\\\/es\\\/about\\\/careers\\\/listado-de-ofertas-laborales\\\/#breadcrumb\"},\"inLanguage\":\"es\",\"potentialAction\":[{\"@type\":\"ReadAction\",\"target\":[\"https:\\\/\\\/www.conval.com\\\/es\\\/about\\\/careers\\\/listado-de-ofertas-laborales\\\/\"]}]},{\"@type\":\"BreadcrumbList\",\"@id\":\"https:\\\/\\\/www.conval.com\\\/es\\\/about\\\/careers\\\/listado-de-ofertas-laborales\\\/#breadcrumb\",\"itemListElement\":[{\"@type\":\"ListItem\",\"position\":1,\"name\":\"Home\",\"item\":\"https:\\\/\\\/www.conval.com\\\/es\\\/\"},{\"@type\":\"ListItem\",\"position\":2,\"name\":\"Acerca De\",\"item\":\"https:\\\/\\\/www.conval.com\\\/es\\\/about\\\/\"},{\"@type\":\"ListItem\",\"position\":3,\"name\":\"OFERTAS LABORALES\",\"item\":\"https:\\\/\\\/www.conval.com\\\/es\\\/about\\\/careers\\\/\"},{\"@type\":\"ListItem\",\"position\":4,\"name\":\"LISTADO DE OFERTAS LABORALES\"}]},{\"@type\":\"WebSite\",\"@id\":\"https:\\\/\\\/www.conval.com\\\/es\\\/#website\",\"url\":\"https:\\\/\\\/www.conval.com\\\/es\\\/\",\"name\":\"Conval, Inc.\",\"description\":\"\",\"potentialAction\":[{\"@type\":\"SearchAction\",\"target\":{\"@type\":\"EntryPoint\",\"urlTemplate\":\"https:\\\/\\\/www.conval.com\\\/es\\\/?s={search_term_string}\"},\"query-input\":{\"@type\":\"PropertyValueSpecification\",\"valueRequired\":true,\"valueName\":\"search_term_string\"}}],\"inLanguage\":\"es\"}]}<\/script>\n<!-- \/ Yoast SEO plugin. -->","yoast_head_json":{"title":"LISTADO DE OFERTAS LABORALES - Conval, Inc.","description":"Interested in joining our team? Check out this page for information on any listings available and who to contact about them.","robots":{"index":"index","follow":"follow","max-snippet":"max-snippet:-1","max-image-preview":"max-image-preview:large","max-video-preview":"max-video-preview:-1"},"canonical":"https:\/\/www.conval.com\/es\/about\/careers\/listado-de-ofertas-laborales\/","og_locale":"es_ES","og_type":"article","og_title":"LISTADO DE OFERTAS LABORALES - Conval, Inc.","og_description":"Interested in joining our team? Check out this page for information on any listings available and who to contact about them.","og_url":"https:\/\/www.conval.com\/es\/about\/careers\/listado-de-ofertas-laborales\/","og_site_name":"Conval, Inc.","article_modified_time":"2019-07-31T14:18:51+00:00","twitter_misc":{"Est. reading time":"1 minuto"},"schema":{"@context":"https:\/\/schema.org","@graph":[{"@type":"WebPage","@id":"https:\/\/www.conval.com\/es\/about\/careers\/listado-de-ofertas-laborales\/","url":"https:\/\/www.conval.com\/es\/about\/careers\/listado-de-ofertas-laborales\/","name":"LISTADO DE OFERTAS LABORALES - Conval, Inc.","isPartOf":{"@id":"https:\/\/www.conval.com\/es\/#website"},"datePublished":"2019-05-10T06:54:01+00:00","dateModified":"2019-07-31T14:18:51+00:00","description":"Interested in joining our team? Check out this page for information on any listings available and who to contact about them.","breadcrumb":{"@id":"https:\/\/www.conval.com\/es\/about\/careers\/listado-de-ofertas-laborales\/#breadcrumb"},"inLanguage":"es","potentialAction":[{"@type":"ReadAction","target":["https:\/\/www.conval.com\/es\/about\/careers\/listado-de-ofertas-laborales\/"]}]},{"@type":"BreadcrumbList","@id":"https:\/\/www.conval.com\/es\/about\/careers\/listado-de-ofertas-laborales\/#breadcrumb","itemListElement":[{"@type":"ListItem","position":1,"name":"Home","item":"https:\/\/www.conval.com\/es\/"},{"@type":"ListItem","position":2,"name":"Acerca De","item":"https:\/\/www.conval.com\/es\/about\/"},{"@type":"ListItem","position":3,"name":"OFERTAS LABORALES","item":"https:\/\/www.conval.com\/es\/about\/careers\/"},{"@type":"ListItem","position":4,"name":"LISTADO DE OFERTAS LABORALES"}]},{"@type":"WebSite","@id":"https:\/\/www.conval.com\/es\/#website","url":"https:\/\/www.conval.com\/es\/","name":"Conval, Inc.","description":"","potentialAction":[{"@type":"SearchAction","target":{"@type":"EntryPoint","urlTemplate":"https:\/\/www.conval.com\/es\/?s={search_term_string}"},"query-input":{"@type":"PropertyValueSpecification","valueRequired":true,"valueName":"search_term_string"}}],"inLanguage":"es"}]}},"_links":{"self":[{"href":"https:\/\/www.conval.com\/es\/wp-json\/wp\/v2\/pages\/1675","targetHints":{"allow":["GET"]}}],"collection":[{"href":"https:\/\/www.conval.com\/es\/wp-json\/wp\/v2\/pages"}],"about":[{"href":"https:\/\/www.conval.com\/es\/wp-json\/wp\/v2\/types\/page"}],"author":[{"embeddable":true,"href":"https:\/\/www.conval.com\/es\/wp-json\/wp\/v2\/users\/18"}],"replies":[{"embeddable":true,"href":"https:\/\/www.conval.com\/es\/wp-json\/wp\/v2\/comments?post=1675"}],"version-history":[{"count":0,"href":"https:\/\/www.conval.com\/es\/wp-json\/wp\/v2\/pages\/1675\/revisions"}],"up":[{"embeddable":true,"href":"https:\/\/www.conval.com\/es\/wp-json\/wp\/v2\/pages\/1655"}],"wp:attachment":[{"href":"https:\/\/www.conval.com\/es\/wp-json\/wp\/v2\/media?parent=1675"}],"curies":[{"name":"wp","href":"https:\/\/api.w.org\/{rel}","templated":true}]}}