{"id":1676,"date":"2019-05-10T07:13:53","date_gmt":"2019-05-10T07:13:53","guid":{"rendered":"https:\/\/conval.wpengine.com\/acerca-de-2\/sede\/"},"modified":"2019-08-01T12:37:24","modified_gmt":"2019-08-01T12:37:24","slug":"headquarters","status":"publish","type":"page","link":"https:\/\/www.conval.com\/es\/about\/headquarters\/","title":{"rendered":"Sede"},"content":{"rendered":"\n<figure class=\"alignleft\"><img decoding=\"async\" width=\"196\" height=\"144\" src=\"https:\/\/www.conval.com\/wp-content\/uploads\/headquarters.jpg\" alt=\"Headquarters\" title=\"Headquarters\" class=\"wp-image-1495\"><\/figure>\n\n\n\n<p>Las oficinas centrales de Conval Inc se encuentran en Enfield, Connecticut. Conval fue fundada en 1967 y celebra m\u00e1s de 50 a\u00f1os de excelencia.<\/p>\n\n\n\n<p>La sede de Conval Inc est\u00e1 situada en Somers, Connecticut. Conval fue fundada en 1967 y celebra m\u00e1s de 45 a\u00f1os de excelencia.  Las primeras v\u00e1lvulas CLAMPSEAL\u00ae fueron introducidas en el mercado por Hamilton Standard en 1964. No obstante, a mediados de la d\u00e9cada de 1960, la creciente demanda de los productos aeroespaciales de la firma popular forz\u00f3 a Hamilton Standard a tomar la decisi\u00f3n de abandonar sus productos industriales. Los derechos para la v\u00e1lvula CLAMPSEAL\u00ae volvieron al Sr. Siver. Como las v\u00e1lvulas CLAMPSEAL\u00ae nacieron en Connecticut, el Sr. Siver fund\u00f3  &#8216;Conval&#8217; en 1967. Todav\u00eda hoy las v\u00e1lvulas se fabrican en Connecticut, un estado con una reputaci\u00f3n s\u00f3lida en materia de innovaci\u00f3n tecnol\u00f3gica y excelencia de fabricaci\u00f3n. <\/p>\n","protected":false},"excerpt":{"rendered":"<p>Las oficinas centrales de Conval Inc se encuentran en Enfield, Connecticut. Conval fue fundada en 1967 y celebra m\u00e1s de 50 a\u00f1os de excelencia. La sede de Conval Inc est\u00e1 situada en Somers, Connecticut. Conval fue fundada en 1967 y celebra m\u00e1s de 45 a\u00f1os de excelencia. Las primeras v\u00e1lvulas CLAMPSEAL\u00ae fueron introducidas en el [&hellip;]<\/p>\n","protected":false},"author":18,"featured_media":0,"parent":1652,"menu_order":0,"comment_status":"closed","ping_status":"closed","template":"","meta":{"_acf_changed":false,"inline_featured_image":false,"footnotes":""},"class_list":["post-1676","page","type-page","status-publish","hentry"],"acf":[],"yoast_head":"<!-- This site is optimized with the Yoast SEO plugin v27.4 - https:\/\/yoast.com\/product\/yoast-seo-wordpress\/ -->\n<title>Sede - Conval, Inc.<\/title>\n<meta name=\"description\" content=\"Check out this page for information on Conval&#039;s Headquarters, including it&#039;s history, location, and contact details.\" \/>\n<meta name=\"robots\" content=\"index, follow, max-snippet:-1, max-image-preview:large, max-video-preview:-1\" \/>\n<link rel=\"canonical\" href=\"https:\/\/www.conval.com\/es\/about\/headquarters\/\" \/>\n<meta property=\"og:locale\" content=\"es_ES\" \/>\n<meta property=\"og:type\" content=\"article\" \/>\n<meta property=\"og:title\" content=\"Sede - Conval, Inc.\" \/>\n<meta property=\"og:description\" content=\"Check out this page for information on Conval&#039;s Headquarters, including it&#039;s history, location, and contact details.\" \/>\n<meta property=\"og:url\" content=\"https:\/\/www.conval.com\/es\/about\/headquarters\/\" \/>\n<meta property=\"og:site_name\" content=\"Conval, Inc.\" \/>\n<meta property=\"article:modified_time\" content=\"2019-08-01T12:37:24+00:00\" \/>\n<meta property=\"og:image\" content=\"https:\/\/www.conval.com\/wp-content\/uploads\/headquarters.jpg\" \/>\n<meta name=\"twitter:label1\" content=\"Est. reading time\" \/>\n\t<meta name=\"twitter:data1\" content=\"1 minuto\" \/>\n<script type=\"application\/ld+json\" class=\"yoast-schema-graph\">{\"@context\":\"https:\\\/\\\/schema.org\",\"@graph\":[{\"@type\":\"WebPage\",\"@id\":\"https:\\\/\\\/www.conval.com\\\/es\\\/about\\\/headquarters\\\/\",\"url\":\"https:\\\/\\\/www.conval.com\\\/es\\\/about\\\/headquarters\\\/\",\"name\":\"Sede - Conval, Inc.\",\"isPartOf\":{\"@id\":\"https:\\\/\\\/www.conval.com\\\/es\\\/#website\"},\"primaryImageOfPage\":{\"@id\":\"https:\\\/\\\/www.conval.com\\\/es\\\/about\\\/headquarters\\\/#primaryimage\"},\"image\":{\"@id\":\"https:\\\/\\\/www.conval.com\\\/es\\\/about\\\/headquarters\\\/#primaryimage\"},\"thumbnailUrl\":\"https:\\\/\\\/www.conval.com\\\/wp-content\\\/uploads\\\/headquarters.jpg\",\"datePublished\":\"2019-05-10T07:13:53+00:00\",\"dateModified\":\"2019-08-01T12:37:24+00:00\",\"description\":\"Check out this page for information on Conval's Headquarters, including it's history, location, and contact details.\",\"breadcrumb\":{\"@id\":\"https:\\\/\\\/www.conval.com\\\/es\\\/about\\\/headquarters\\\/#breadcrumb\"},\"inLanguage\":\"es\",\"potentialAction\":[{\"@type\":\"ReadAction\",\"target\":[\"https:\\\/\\\/www.conval.com\\\/es\\\/about\\\/headquarters\\\/\"]}]},{\"@type\":\"ImageObject\",\"inLanguage\":\"es\",\"@id\":\"https:\\\/\\\/www.conval.com\\\/es\\\/about\\\/headquarters\\\/#primaryimage\",\"url\":\"https:\\\/\\\/www.conval.com\\\/wp-content\\\/uploads\\\/headquarters.jpg\",\"contentUrl\":\"https:\\\/\\\/www.conval.com\\\/wp-content\\\/uploads\\\/headquarters.jpg\"},{\"@type\":\"BreadcrumbList\",\"@id\":\"https:\\\/\\\/www.conval.com\\\/es\\\/about\\\/headquarters\\\/#breadcrumb\",\"itemListElement\":[{\"@type\":\"ListItem\",\"position\":1,\"name\":\"Home\",\"item\":\"https:\\\/\\\/www.conval.com\\\/es\\\/\"},{\"@type\":\"ListItem\",\"position\":2,\"name\":\"Acerca De\",\"item\":\"https:\\\/\\\/www.conval.com\\\/es\\\/about\\\/\"},{\"@type\":\"ListItem\",\"position\":3,\"name\":\"Sede\"}]},{\"@type\":\"WebSite\",\"@id\":\"https:\\\/\\\/www.conval.com\\\/es\\\/#website\",\"url\":\"https:\\\/\\\/www.conval.com\\\/es\\\/\",\"name\":\"Conval, Inc.\",\"description\":\"\",\"potentialAction\":[{\"@type\":\"SearchAction\",\"target\":{\"@type\":\"EntryPoint\",\"urlTemplate\":\"https:\\\/\\\/www.conval.com\\\/es\\\/?s={search_term_string}\"},\"query-input\":{\"@type\":\"PropertyValueSpecification\",\"valueRequired\":true,\"valueName\":\"search_term_string\"}}],\"inLanguage\":\"es\"}]}<\/script>\n<!-- \/ Yoast SEO plugin. -->","yoast_head_json":{"title":"Sede - Conval, Inc.","description":"Check out this page for information on Conval's Headquarters, including it's history, location, and contact details.","robots":{"index":"index","follow":"follow","max-snippet":"max-snippet:-1","max-image-preview":"max-image-preview:large","max-video-preview":"max-video-preview:-1"},"canonical":"https:\/\/www.conval.com\/es\/about\/headquarters\/","og_locale":"es_ES","og_type":"article","og_title":"Sede - Conval, Inc.","og_description":"Check out this page for information on Conval's Headquarters, including it's history, location, and contact details.","og_url":"https:\/\/www.conval.com\/es\/about\/headquarters\/","og_site_name":"Conval, Inc.","article_modified_time":"2019-08-01T12:37:24+00:00","og_image":[{"url":"https:\/\/www.conval.com\/wp-content\/uploads\/headquarters.jpg","type":"","width":"","height":""}],"twitter_misc":{"Est. reading time":"1 minuto"},"schema":{"@context":"https:\/\/schema.org","@graph":[{"@type":"WebPage","@id":"https:\/\/www.conval.com\/es\/about\/headquarters\/","url":"https:\/\/www.conval.com\/es\/about\/headquarters\/","name":"Sede - Conval, Inc.","isPartOf":{"@id":"https:\/\/www.conval.com\/es\/#website"},"primaryImageOfPage":{"@id":"https:\/\/www.conval.com\/es\/about\/headquarters\/#primaryimage"},"image":{"@id":"https:\/\/www.conval.com\/es\/about\/headquarters\/#primaryimage"},"thumbnailUrl":"https:\/\/www.conval.com\/wp-content\/uploads\/headquarters.jpg","datePublished":"2019-05-10T07:13:53+00:00","dateModified":"2019-08-01T12:37:24+00:00","description":"Check out this page for information on Conval's Headquarters, including it's history, location, and contact details.","breadcrumb":{"@id":"https:\/\/www.conval.com\/es\/about\/headquarters\/#breadcrumb"},"inLanguage":"es","potentialAction":[{"@type":"ReadAction","target":["https:\/\/www.conval.com\/es\/about\/headquarters\/"]}]},{"@type":"ImageObject","inLanguage":"es","@id":"https:\/\/www.conval.com\/es\/about\/headquarters\/#primaryimage","url":"https:\/\/www.conval.com\/wp-content\/uploads\/headquarters.jpg","contentUrl":"https:\/\/www.conval.com\/wp-content\/uploads\/headquarters.jpg"},{"@type":"BreadcrumbList","@id":"https:\/\/www.conval.com\/es\/about\/headquarters\/#breadcrumb","itemListElement":[{"@type":"ListItem","position":1,"name":"Home","item":"https:\/\/www.conval.com\/es\/"},{"@type":"ListItem","position":2,"name":"Acerca De","item":"https:\/\/www.conval.com\/es\/about\/"},{"@type":"ListItem","position":3,"name":"Sede"}]},{"@type":"WebSite","@id":"https:\/\/www.conval.com\/es\/#website","url":"https:\/\/www.conval.com\/es\/","name":"Conval, Inc.","description":"","potentialAction":[{"@type":"SearchAction","target":{"@type":"EntryPoint","urlTemplate":"https:\/\/www.conval.com\/es\/?s={search_term_string}"},"query-input":{"@type":"PropertyValueSpecification","valueRequired":true,"valueName":"search_term_string"}}],"inLanguage":"es"}]}},"_links":{"self":[{"href":"https:\/\/www.conval.com\/es\/wp-json\/wp\/v2\/pages\/1676","targetHints":{"allow":["GET"]}}],"collection":[{"href":"https:\/\/www.conval.com\/es\/wp-json\/wp\/v2\/pages"}],"about":[{"href":"https:\/\/www.conval.com\/es\/wp-json\/wp\/v2\/types\/page"}],"author":[{"embeddable":true,"href":"https:\/\/www.conval.com\/es\/wp-json\/wp\/v2\/users\/18"}],"replies":[{"embeddable":true,"href":"https:\/\/www.conval.com\/es\/wp-json\/wp\/v2\/comments?post=1676"}],"version-history":[{"count":0,"href":"https:\/\/www.conval.com\/es\/wp-json\/wp\/v2\/pages\/1676\/revisions"}],"up":[{"embeddable":true,"href":"https:\/\/www.conval.com\/es\/wp-json\/wp\/v2\/pages\/1652"}],"wp:attachment":[{"href":"https:\/\/www.conval.com\/es\/wp-json\/wp\/v2\/media?parent=1676"}],"curies":[{"name":"wp","href":"https:\/\/api.w.org\/{rel}","templated":true}]}}