{"id":1687,"date":"2019-04-09T09:22:08","date_gmt":"2019-04-09T09:22:08","guid":{"rendered":"https:\/\/conval.wpengine.com\/why-conval\/"},"modified":"2023-10-11T17:58:42","modified_gmt":"2023-10-11T17:58:42","slug":"why-conval","status":"publish","type":"page","link":"https:\/\/www.conval.com\/es\/why-conval\/","title":{"rendered":"\u00bfPor qu\u00e9 elegir Conval?"},"content":{"rendered":"<h3>V\u00e1lvulas de alto desempe\u00f1o&nbsp;<br \/>\npara las aplicaciones m\u00e1s exigentes del mundo<\/h3>\n<div class=\"alignright\"><video style=\"width: 100%;\" poster=\"\/\/www.conval.com\/wp-content\/uploads\/420-poster.jpg\" controls=\"controls\" width=\"100%\" height=\"100%\"><source src=\"https:\/\/www.conval.com\/wp-content\/uploads\/clampseal-3d.mp4\" type=\"video\/mp4\">Your browser does not support the video tag.<\/video><\/div>\n<p>Cuando adquiere un producto, desea saber si tendr\u00e1 un per\u00edodo prolongado de funcionamiento. En Conval, aplicamos esta filosof\u00eda a nuestras v\u00e1lvulas para alta presi\u00f3n y alta temperatura, dise\u00f1adas y fabricadas para alcanzar una gran duraci\u00f3n. Se trata de las v\u00e1lvulas m\u00e1s reforzadas, capaces de ser reparadas en l\u00ednea con los costos de ciclo de vida m\u00e1s bajos. Como empresa l\u00edder en condiciones de servicio exigentes especializada en aplicaciones para condiciones extremas, todos nuestros productos superan los est\u00e1ndares de la industria.<\/p>\n","protected":false},"excerpt":{"rendered":"<p>V\u00e1lvulas de alto desempe\u00f1o&nbsp; para las aplicaciones m\u00e1s exigentes del mundo Your browser does not support the video tag. Cuando adquiere un producto, desea saber si tendr\u00e1 un per\u00edodo prolongado de funcionamiento. En Conval, aplicamos esta filosof\u00eda a nuestras v\u00e1lvulas para alta presi\u00f3n y alta temperatura, dise\u00f1adas y fabricadas para alcanzar una gran duraci\u00f3n. Se [&hellip;]<\/p>\n","protected":false},"author":18,"featured_media":0,"parent":0,"menu_order":0,"comment_status":"closed","ping_status":"closed","template":"","meta":{"_acf_changed":false,"inline_featured_image":false,"footnotes":""},"class_list":["post-1687","page","type-page","status-publish","hentry"],"acf":[],"yoast_head":"<!-- This site is optimized with the Yoast SEO plugin v27.4 - https:\/\/yoast.com\/product\/yoast-seo-wordpress\/ -->\n<title>\u00bfPor qu\u00e9 elegir Conval? - Conval, Inc.<\/title>\n<meta name=\"description\" content=\"Why choose Conval? High performance valves with inline renewability and innovative design make us the top choice for the most demanding applications.\" \/>\n<meta name=\"robots\" content=\"index, follow, max-snippet:-1, max-image-preview:large, max-video-preview:-1\" \/>\n<link rel=\"canonical\" href=\"https:\/\/www.conval.com\/es\/why-conval\/\" \/>\n<meta property=\"og:locale\" content=\"es_ES\" \/>\n<meta property=\"og:type\" content=\"article\" \/>\n<meta property=\"og:title\" content=\"\u00bfPor qu\u00e9 elegir Conval? - Conval, Inc.\" \/>\n<meta property=\"og:description\" content=\"Why choose Conval? High performance valves with inline renewability and innovative design make us the top choice for the most demanding applications.\" \/>\n<meta property=\"og:url\" content=\"https:\/\/www.conval.com\/es\/why-conval\/\" \/>\n<meta property=\"og:site_name\" content=\"Conval, Inc.\" \/>\n<meta property=\"article:modified_time\" content=\"2023-10-11T17:58:42+00:00\" \/>\n<meta name=\"twitter:label1\" content=\"Est. reading time\" \/>\n\t<meta name=\"twitter:data1\" content=\"1 minuto\" \/>\n<script type=\"application\/ld+json\" class=\"yoast-schema-graph\">{\"@context\":\"https:\\\/\\\/schema.org\",\"@graph\":[{\"@type\":\"WebPage\",\"@id\":\"https:\\\/\\\/www.conval.com\\\/es\\\/why-conval\\\/\",\"url\":\"https:\\\/\\\/www.conval.com\\\/es\\\/why-conval\\\/\",\"name\":\"\u00bfPor qu\u00e9 elegir Conval? - Conval, Inc.\",\"isPartOf\":{\"@id\":\"https:\\\/\\\/www.conval.com\\\/es\\\/#website\"},\"datePublished\":\"2019-04-09T09:22:08+00:00\",\"dateModified\":\"2023-10-11T17:58:42+00:00\",\"description\":\"Why choose Conval? High performance valves with inline renewability and innovative design make us the top choice for the most demanding applications.\",\"breadcrumb\":{\"@id\":\"https:\\\/\\\/www.conval.com\\\/es\\\/why-conval\\\/#breadcrumb\"},\"inLanguage\":\"es\",\"potentialAction\":[{\"@type\":\"ReadAction\",\"target\":[\"https:\\\/\\\/www.conval.com\\\/es\\\/why-conval\\\/\"]}]},{\"@type\":\"BreadcrumbList\",\"@id\":\"https:\\\/\\\/www.conval.com\\\/es\\\/why-conval\\\/#breadcrumb\",\"itemListElement\":[{\"@type\":\"ListItem\",\"position\":1,\"name\":\"Home\",\"item\":\"https:\\\/\\\/www.conval.com\\\/es\\\/\"},{\"@type\":\"ListItem\",\"position\":2,\"name\":\"\u00bfPor qu\u00e9 elegir Conval?\"}]},{\"@type\":\"WebSite\",\"@id\":\"https:\\\/\\\/www.conval.com\\\/es\\\/#website\",\"url\":\"https:\\\/\\\/www.conval.com\\\/es\\\/\",\"name\":\"Conval, Inc.\",\"description\":\"\",\"potentialAction\":[{\"@type\":\"SearchAction\",\"target\":{\"@type\":\"EntryPoint\",\"urlTemplate\":\"https:\\\/\\\/www.conval.com\\\/es\\\/?s={search_term_string}\"},\"query-input\":{\"@type\":\"PropertyValueSpecification\",\"valueRequired\":true,\"valueName\":\"search_term_string\"}}],\"inLanguage\":\"es\"}]}<\/script>\n<!-- \/ Yoast SEO plugin. -->","yoast_head_json":{"title":"\u00bfPor qu\u00e9 elegir Conval? - Conval, Inc.","description":"Why choose Conval? High performance valves with inline renewability and innovative design make us the top choice for the most demanding applications.","robots":{"index":"index","follow":"follow","max-snippet":"max-snippet:-1","max-image-preview":"max-image-preview:large","max-video-preview":"max-video-preview:-1"},"canonical":"https:\/\/www.conval.com\/es\/why-conval\/","og_locale":"es_ES","og_type":"article","og_title":"\u00bfPor qu\u00e9 elegir Conval? - Conval, Inc.","og_description":"Why choose Conval? High performance valves with inline renewability and innovative design make us the top choice for the most demanding applications.","og_url":"https:\/\/www.conval.com\/es\/why-conval\/","og_site_name":"Conval, Inc.","article_modified_time":"2023-10-11T17:58:42+00:00","twitter_misc":{"Est. reading time":"1 minuto"},"schema":{"@context":"https:\/\/schema.org","@graph":[{"@type":"WebPage","@id":"https:\/\/www.conval.com\/es\/why-conval\/","url":"https:\/\/www.conval.com\/es\/why-conval\/","name":"\u00bfPor qu\u00e9 elegir Conval? - Conval, Inc.","isPartOf":{"@id":"https:\/\/www.conval.com\/es\/#website"},"datePublished":"2019-04-09T09:22:08+00:00","dateModified":"2023-10-11T17:58:42+00:00","description":"Why choose Conval? High performance valves with inline renewability and innovative design make us the top choice for the most demanding applications.","breadcrumb":{"@id":"https:\/\/www.conval.com\/es\/why-conval\/#breadcrumb"},"inLanguage":"es","potentialAction":[{"@type":"ReadAction","target":["https:\/\/www.conval.com\/es\/why-conval\/"]}]},{"@type":"BreadcrumbList","@id":"https:\/\/www.conval.com\/es\/why-conval\/#breadcrumb","itemListElement":[{"@type":"ListItem","position":1,"name":"Home","item":"https:\/\/www.conval.com\/es\/"},{"@type":"ListItem","position":2,"name":"\u00bfPor qu\u00e9 elegir Conval?"}]},{"@type":"WebSite","@id":"https:\/\/www.conval.com\/es\/#website","url":"https:\/\/www.conval.com\/es\/","name":"Conval, Inc.","description":"","potentialAction":[{"@type":"SearchAction","target":{"@type":"EntryPoint","urlTemplate":"https:\/\/www.conval.com\/es\/?s={search_term_string}"},"query-input":{"@type":"PropertyValueSpecification","valueRequired":true,"valueName":"search_term_string"}}],"inLanguage":"es"}]}},"_links":{"self":[{"href":"https:\/\/www.conval.com\/es\/wp-json\/wp\/v2\/pages\/1687","targetHints":{"allow":["GET"]}}],"collection":[{"href":"https:\/\/www.conval.com\/es\/wp-json\/wp\/v2\/pages"}],"about":[{"href":"https:\/\/www.conval.com\/es\/wp-json\/wp\/v2\/types\/page"}],"author":[{"embeddable":true,"href":"https:\/\/www.conval.com\/es\/wp-json\/wp\/v2\/users\/18"}],"replies":[{"embeddable":true,"href":"https:\/\/www.conval.com\/es\/wp-json\/wp\/v2\/comments?post=1687"}],"version-history":[{"count":0,"href":"https:\/\/www.conval.com\/es\/wp-json\/wp\/v2\/pages\/1687\/revisions"}],"wp:attachment":[{"href":"https:\/\/www.conval.com\/es\/wp-json\/wp\/v2\/media?parent=1687"}],"curies":[{"name":"wp","href":"https:\/\/api.w.org\/{rel}","templated":true}]}}