{"id":1810,"date":"2019-05-13T19:40:42","date_gmt":"2019-05-13T19:40:42","guid":{"rendered":"https:\/\/conval.wpengine.com\/?page_id=1810"},"modified":"2019-07-31T14:02:54","modified_gmt":"2019-07-31T14:02:54","slug":"ordering-delivery","status":"publish","type":"page","link":"https:\/\/www.conval.com\/es\/contact\/ordering-delivery\/","title":{"rendered":"Pedidos y Entrega"},"content":{"rendered":"\n<h3 class=\"wp-block-heading\">Informaci\u00f3n obligatoria al realizar un pedido<\/h3>\n\n\n\n<ul class=\"wp-block-list\"><li>Nombre de la empresa<\/li><li>N\u00famero telef\u00f3nico<\/li><li>N\u00famero del \u00edtem<\/li><li>Cantidad deseada<\/li><li>N\u00famero de la figura\/descripci\u00f3n (ver Designaciones de modelo)<\/li><li>Fecha requerida<\/li><li>Direcci\u00f3n de env\u00edo<\/li><li>Direcci\u00f3n de facturaci\u00f3n (si corresponde)<\/li><li>M\u00e9todo de pago &#8211; Orden de compra \/ Visa \/ MasterCard \/ American Express<\/li><\/ul>\n\n\n\n<p>Para los cat\u00e1logos de productos, consulte nuestra\u00a0<a href=\"\/es\/catalogs-media\">p\u00e1gina multimedia<\/a>. Para solicitar cat\u00e1logos adicionales, env\u00ede un\u00a0<a href=\"mailto:sales@conval.com\">mensaje de correo electr\u00f3nico<\/a>\u00a0(no olvide incluir la direcci\u00f3n de env\u00edo).\u00a0<\/p>\n\n\n\n<p><\/p>\n\n\n\n<h3 class=\"wp-block-heading\">Entrega<\/h3>\n\n\n\n<p>El cincuenta por ciento de los pedidos de Conval se env\u00edan el mismo d\u00eda en que han sido efectuados. El tiempo de parada en el mantenimiento de una planta es muy importante, por eso Conval mantiene un stock controlado por computadora para su conveniencia.&nbsp;<\/p>\n\n\n\n<p><\/p>\n\n\n\n<h3 class=\"wp-block-heading\">Lista de v\u00e1lvulas en existencias<\/h3>\n\n\n\n<p>Las v\u00e1lvulas indicadas a continuaci\u00f3n est\u00e1n en existencias y se encuentran disponibles para el env\u00edo inmediato. Se trata de v\u00e1lvulas de grado comercial equipadas con llaves de casquillo integrales. COMUN\u00cdQUESE CON EL SERVICIO DE ASISTENCIA AL CLIENTE PARA OBTENER NUESTRA LISTA COMPLETA DE V\u00c1LVULAS EN EXISTENCIAS.&nbsp;<\/p>\n\n\n\n<h3 class=\"wp-block-heading\">Terms &amp; Conditions<\/h3>\n\n\n\n<p>\n<a href=\"\/wp-content\/uploads\/Conval-Terms-Conditions.pdf\" target=\"_blank\" rel=\"noopener noreferrer\"><img decoding=\"async\" width=\"32\" height=\"32\" src=\"\/wp-content\/uploads\/pdficon_large.png\" alt=\"\" class=\"alignnone size-full wp-image-1506\"> Conval Terms &amp; Conditions of Sale<\/a>\n<br>\n<a href=\"\/wp-content\/uploads\/CONDITIONS-OF-PURCHASE.pdf\" target=\"_blank\" rel=\"noopener noreferrer\"><img decoding=\"async\" width=\"32\" height=\"32\" src=\"\/wp-content\/uploads\/pdficon_large.png\" alt=\"\" class=\"alignnone size-full wp-image-1506\"> Conval Conditions of Purchase<\/a>\n<\/p>\n\n\n\n<p> <a rel=\"noreferrer noopener\" href=\"\/wp-content\/uploads\/Conval-Terms-Conditions.pdf\" target=\"_blank\"> <\/a><br><\/p>\n\n\n\n<p><br><\/p>\n","protected":false},"excerpt":{"rendered":"<p>Informaci\u00f3n obligatoria al realizar un pedido Nombre de la empresa N\u00famero telef\u00f3nico N\u00famero del \u00edtem Cantidad deseada N\u00famero de la figura\/descripci\u00f3n (ver Designaciones de modelo) Fecha requerida Direcci\u00f3n de env\u00edo Direcci\u00f3n de facturaci\u00f3n (si corresponde) M\u00e9todo de pago &#8211; Orden de compra \/ Visa \/ MasterCard \/ American Express Para los cat\u00e1logos de productos, consulte [&hellip;]<\/p>\n","protected":false},"author":18,"featured_media":0,"parent":1799,"menu_order":0,"comment_status":"closed","ping_status":"closed","template":"","meta":{"_acf_changed":false,"inline_featured_image":false,"footnotes":""},"class_list":["post-1810","page","type-page","status-publish","hentry"],"acf":[],"yoast_head":"<!-- This site is optimized with the Yoast SEO plugin v27.4 - https:\/\/yoast.com\/product\/yoast-seo-wordpress\/ -->\n<title>Pedidos y Entrega - Conval, Inc.<\/title>\n<meta name=\"description\" content=\"Everything you need to know about our ordering and delivery processes is here. We cover info you need to place an order, delivery details, and more!\" \/>\n<meta name=\"robots\" content=\"index, follow, max-snippet:-1, max-image-preview:large, max-video-preview:-1\" \/>\n<link rel=\"canonical\" href=\"https:\/\/www.conval.com\/es\/contact\/ordering-delivery\/\" \/>\n<meta property=\"og:locale\" content=\"es_ES\" \/>\n<meta property=\"og:type\" content=\"article\" \/>\n<meta property=\"og:title\" content=\"Pedidos y Entrega - Conval, Inc.\" \/>\n<meta property=\"og:description\" content=\"Everything you need to know about our ordering and delivery processes is here. We cover info you need to place an order, delivery details, and more!\" \/>\n<meta property=\"og:url\" content=\"https:\/\/www.conval.com\/es\/contact\/ordering-delivery\/\" \/>\n<meta property=\"og:site_name\" content=\"Conval, Inc.\" \/>\n<meta property=\"article:modified_time\" content=\"2019-07-31T14:02:54+00:00\" \/>\n<meta property=\"og:image\" content=\"https:\/\/www.conval.com\/wp-content\/uploads\/pdficon_large.png\" \/>\n<meta name=\"twitter:label1\" content=\"Est. reading time\" \/>\n\t<meta name=\"twitter:data1\" content=\"1 minuto\" \/>\n<script type=\"application\/ld+json\" class=\"yoast-schema-graph\">{\"@context\":\"https:\\\/\\\/schema.org\",\"@graph\":[{\"@type\":\"WebPage\",\"@id\":\"https:\\\/\\\/www.conval.com\\\/es\\\/contact\\\/ordering-delivery\\\/\",\"url\":\"https:\\\/\\\/www.conval.com\\\/es\\\/contact\\\/ordering-delivery\\\/\",\"name\":\"Pedidos y Entrega - Conval, Inc.\",\"isPartOf\":{\"@id\":\"https:\\\/\\\/www.conval.com\\\/es\\\/#website\"},\"datePublished\":\"2019-05-13T19:40:42+00:00\",\"dateModified\":\"2019-07-31T14:02:54+00:00\",\"description\":\"Everything you need to know about our ordering and delivery processes is here. We cover info you need to place an order, delivery details, and more!\",\"breadcrumb\":{\"@id\":\"https:\\\/\\\/www.conval.com\\\/es\\\/contact\\\/ordering-delivery\\\/#breadcrumb\"},\"inLanguage\":\"es\",\"potentialAction\":[{\"@type\":\"ReadAction\",\"target\":[\"https:\\\/\\\/www.conval.com\\\/es\\\/contact\\\/ordering-delivery\\\/\"]}]},{\"@type\":\"BreadcrumbList\",\"@id\":\"https:\\\/\\\/www.conval.com\\\/es\\\/contact\\\/ordering-delivery\\\/#breadcrumb\",\"itemListElement\":[{\"@type\":\"ListItem\",\"position\":1,\"name\":\"Home\",\"item\":\"https:\\\/\\\/www.conval.com\\\/es\\\/\"},{\"@type\":\"ListItem\",\"position\":2,\"name\":\"Contacto\",\"item\":\"https:\\\/\\\/www.conval.com\\\/es\\\/contact\\\/\"},{\"@type\":\"ListItem\",\"position\":3,\"name\":\"Pedidos y Entrega\"}]},{\"@type\":\"WebSite\",\"@id\":\"https:\\\/\\\/www.conval.com\\\/es\\\/#website\",\"url\":\"https:\\\/\\\/www.conval.com\\\/es\\\/\",\"name\":\"Conval, Inc.\",\"description\":\"\",\"potentialAction\":[{\"@type\":\"SearchAction\",\"target\":{\"@type\":\"EntryPoint\",\"urlTemplate\":\"https:\\\/\\\/www.conval.com\\\/es\\\/?s={search_term_string}\"},\"query-input\":{\"@type\":\"PropertyValueSpecification\",\"valueRequired\":true,\"valueName\":\"search_term_string\"}}],\"inLanguage\":\"es\"}]}<\/script>\n<!-- \/ Yoast SEO plugin. -->","yoast_head_json":{"title":"Pedidos y Entrega - Conval, Inc.","description":"Everything you need to know about our ordering and delivery processes is here. We cover info you need to place an order, delivery details, and more!","robots":{"index":"index","follow":"follow","max-snippet":"max-snippet:-1","max-image-preview":"max-image-preview:large","max-video-preview":"max-video-preview:-1"},"canonical":"https:\/\/www.conval.com\/es\/contact\/ordering-delivery\/","og_locale":"es_ES","og_type":"article","og_title":"Pedidos y Entrega - Conval, Inc.","og_description":"Everything you need to know about our ordering and delivery processes is here. We cover info you need to place an order, delivery details, and more!","og_url":"https:\/\/www.conval.com\/es\/contact\/ordering-delivery\/","og_site_name":"Conval, Inc.","article_modified_time":"2019-07-31T14:02:54+00:00","og_image":[{"url":"https:\/\/www.conval.com\/wp-content\/uploads\/pdficon_large.png","type":"","width":"","height":""}],"twitter_misc":{"Est. reading time":"1 minuto"},"schema":{"@context":"https:\/\/schema.org","@graph":[{"@type":"WebPage","@id":"https:\/\/www.conval.com\/es\/contact\/ordering-delivery\/","url":"https:\/\/www.conval.com\/es\/contact\/ordering-delivery\/","name":"Pedidos y Entrega - Conval, Inc.","isPartOf":{"@id":"https:\/\/www.conval.com\/es\/#website"},"datePublished":"2019-05-13T19:40:42+00:00","dateModified":"2019-07-31T14:02:54+00:00","description":"Everything you need to know about our ordering and delivery processes is here. We cover info you need to place an order, delivery details, and more!","breadcrumb":{"@id":"https:\/\/www.conval.com\/es\/contact\/ordering-delivery\/#breadcrumb"},"inLanguage":"es","potentialAction":[{"@type":"ReadAction","target":["https:\/\/www.conval.com\/es\/contact\/ordering-delivery\/"]}]},{"@type":"BreadcrumbList","@id":"https:\/\/www.conval.com\/es\/contact\/ordering-delivery\/#breadcrumb","itemListElement":[{"@type":"ListItem","position":1,"name":"Home","item":"https:\/\/www.conval.com\/es\/"},{"@type":"ListItem","position":2,"name":"Contacto","item":"https:\/\/www.conval.com\/es\/contact\/"},{"@type":"ListItem","position":3,"name":"Pedidos y Entrega"}]},{"@type":"WebSite","@id":"https:\/\/www.conval.com\/es\/#website","url":"https:\/\/www.conval.com\/es\/","name":"Conval, Inc.","description":"","potentialAction":[{"@type":"SearchAction","target":{"@type":"EntryPoint","urlTemplate":"https:\/\/www.conval.com\/es\/?s={search_term_string}"},"query-input":{"@type":"PropertyValueSpecification","valueRequired":true,"valueName":"search_term_string"}}],"inLanguage":"es"}]}},"_links":{"self":[{"href":"https:\/\/www.conval.com\/es\/wp-json\/wp\/v2\/pages\/1810","targetHints":{"allow":["GET"]}}],"collection":[{"href":"https:\/\/www.conval.com\/es\/wp-json\/wp\/v2\/pages"}],"about":[{"href":"https:\/\/www.conval.com\/es\/wp-json\/wp\/v2\/types\/page"}],"author":[{"embeddable":true,"href":"https:\/\/www.conval.com\/es\/wp-json\/wp\/v2\/users\/18"}],"replies":[{"embeddable":true,"href":"https:\/\/www.conval.com\/es\/wp-json\/wp\/v2\/comments?post=1810"}],"version-history":[{"count":0,"href":"https:\/\/www.conval.com\/es\/wp-json\/wp\/v2\/pages\/1810\/revisions"}],"up":[{"embeddable":true,"href":"https:\/\/www.conval.com\/es\/wp-json\/wp\/v2\/pages\/1799"}],"wp:attachment":[{"href":"https:\/\/www.conval.com\/es\/wp-json\/wp\/v2\/media?parent=1810"}],"curies":[{"name":"wp","href":"https:\/\/api.w.org\/{rel}","templated":true}]}}